{"id":4555,"date":"2025-06-17T22:44:57","date_gmt":"2025-06-17T19:44:57","guid":{"rendered":"https:\/\/kestirmecozumler.com\/kestirme-cozumler-english\/"},"modified":"2025-06-17T22:44:57","modified_gmt":"2025-06-17T19:44:57","slug":"kestirme-cozumler-english","status":"publish","type":"page","link":"https:\/\/kestirmecozumler.com\/en\/kestirme-cozumler-english\/","title":{"rendered":"Kestirme \u00c7\u00f6z\u00fcmler &#8211; English"},"content":{"rendered":"","protected":false},"excerpt":{"rendered":"","protected":false},"author":1,"featured_media":0,"parent":0,"menu_order":0,"comment_status":"closed","ping_status":"closed","template":"","meta":{"footnotes":""},"class_list":["post-4555","page","type-page","status-publish","hentry"],"aioseo_notices":[],"_links":{"self":[{"href":"https:\/\/kestirmecozumler.com\/en\/wp-json\/wp\/v2\/pages\/4555","targetHints":{"allow":["GET"]}}],"collection":[{"href":"https:\/\/kestirmecozumler.com\/en\/wp-json\/wp\/v2\/pages"}],"about":[{"href":"https:\/\/kestirmecozumler.com\/en\/wp-json\/wp\/v2\/types\/page"}],"author":[{"embeddable":true,"href":"https:\/\/kestirmecozumler.com\/en\/wp-json\/wp\/v2\/users\/1"}],"replies":[{"embeddable":true,"href":"https:\/\/kestirmecozumler.com\/en\/wp-json\/wp\/v2\/comments?post=4555"}],"version-history":[{"count":0,"href":"https:\/\/kestirmecozumler.com\/en\/wp-json\/wp\/v2\/pages\/4555\/revisions"}],"wp:attachment":[{"href":"https:\/\/kestirmecozumler.com\/en\/wp-json\/wp\/v2\/media?parent=4555"}],"curies":[{"name":"wp","href":"https:\/\/api.w.org\/{rel}","templated":true}]}}