{"id":4466,"date":"2023-03-21T10:46:47","date_gmt":"2023-03-21T07:46:47","guid":{"rendered":"https:\/\/kestirmecozumler.com\/?page_id=4466"},"modified":"2023-03-21T10:48:06","modified_gmt":"2023-03-21T07:48:06","slug":"cerez-politikasi","status":"publish","type":"page","link":"https:\/\/kestirmecozumler.com\/en\/cerez-politikasi\/","title":{"rendered":"Cookie Policy"},"content":{"rendered":"<div data-elementor-type=\"wp-page\" data-elementor-id=\"4466\" class=\"elementor elementor-4466\">\n\t\t\t\t\t\t<section class=\"elementor-section elementor-top-section elementor-element elementor-element-3052a0f elementor-section-boxed elementor-section-height-default elementor-section-height-default\" data-id=\"3052a0f\" data-element_type=\"section\">\n\t\t\t\t\t\t<div class=\"elementor-container elementor-column-gap-default\">\n\t\t\t\t\t<div class=\"elementor-column elementor-col-100 elementor-top-column elementor-element elementor-element-a493452\" data-id=\"a493452\" data-element_type=\"column\">\n\t\t\t<div class=\"elementor-widget-wrap elementor-element-populated\">\n\t\t\t\t\t\t<div class=\"elementor-element elementor-element-8d21462 elementor-widget elementor-widget-text-editor\" data-id=\"8d21462\" data-element_type=\"widget\" data-widget_type=\"text-editor.default\">\n\t\t\t\t<div class=\"elementor-widget-container\">\n\t\t\t\t\t\t\t\t\t<p>KEST\u0130RME \u00c7\u00d6Z\u00dcMLER (\u201c\u015eirket\u201d) olarak sahip oldu\u011fumuz www.kestirmecozumler.com web sitelerinin (\u201cWeb Sitesi\u201d) ziyaret\u00e7ilerinin gizlilik ve ki\u015fisel verilerinin korunmas\u0131 haklar\u0131n\u0131 g\u00f6zeterek ziyaret\u00e7ilerimize daha iyi bir kullan\u0131m deneyimi sa\u011flayabilmek i\u00e7in ki\u015fisel verilerini i\u015flemekte ve internet \u00e7erezleri kullanmaktay\u0131z. Bu \u00c7erez Kullan\u0131m\u0131 Politikas\u0131 (\u201cPolitika\u201d), t\u00fcm Web Sitesi ziyaret\u00e7ilerimize ve kullan\u0131c\u0131lar\u0131m\u0131za hangi t\u00fcr \u00e7erezlerin hangi ko\u015fullarda kullan\u0131ld\u0131\u011f\u0131n\u0131 a\u00e7\u0131klamaktad\u0131r.<\/p><p>Bu Politika, Web Sitesi\u2019ne hangi teknolojilerle, hangi y\u00f6ntemlerle ve ne \u015fekilde ba\u011fland\u0131\u011f\u0131n\u0131za ba\u011fl\u0131 olmaks\u0131z\u0131n uygulanmaktad\u0131r. Dolay\u0131s\u0131yla bu Politika\u2019y\u0131 dikkatlice okuman\u0131z\u0131 tavsiye ederiz.<\/p><p><br><\/p><p>\u00c7erez Nedir ve Hangi Ama\u00e7larla Kullan\u0131l\u0131r?<\/p><p>\u00c7erez, internet siteleri taraf\u0131ndan eri\u015fim sa\u011flad\u0131\u011f\u0131n\u0131z bilgisayar\u0131n\u0131za, cep telefonlar\u0131n\u0131za, tabletlerinize veya di\u011fer mobil cihazlar\u0131n\u0131za kaydedilen k\u00fc\u00e7\u00fck veri depolama dosyalar\u0131d\u0131r. Bu dosyada Web Sitesi gezintinize ait bilgiler saklan\u0131r. B\u00f6ylelikle eri\u015fim sa\u011flad\u0131\u011f\u0131n\u0131z cihazlar\u0131n\u0131z Web Sitesi\u2019ni tekrar kulland\u0131\u011f\u0131n\u0131zda bu verilerinizi hat\u0131rlayacakt\u0131r. Dolay\u0131s\u0131yla \u00e7erezler, Web Sitesi\u2019ni etkili ve daha kolay kullanabilmeniz i\u00e7in gerekli ve \u00f6nemlidir. \u00c7erezler ayr\u0131ca Web Sitesi\u2019nde ve \u00fc\u00e7\u00fcnc\u00fc ki\u015filerin web sitelerinde size daha uygun hizmet, \u00fcr\u00fcn veya teklifler sunabilmemiz i\u00e7in kullan\u0131lmaktad\u0131r.<\/p><p><br><\/p><p>\u00c7erezlerin kullan\u0131lmas\u0131n\u0131n temel ama\u00e7lar\u0131;<\/p><p>\u2022 Web Sitesi\u2019nin daha etkili kullan\u0131labilmesi i\u00e7in baz\u0131 teknik verilere ihtiya\u00e7 duyulmas\u0131,<\/p><p>\u2022 \u015eirket\u2019in sizin Web Sitesi\u2019ni tarama ve kullanma tercih ve al\u0131\u015fkanl\u0131klar\u0131n\u0131za ili\u015fkin bilgilerin toplanmas\u0131,<\/p><p>\u2022 \u015eirket\u2019in, 5651 say\u0131l\u0131 Internet Ortam\u0131nda Yap\u0131lan Yay\u0131nlar\u0131n D\u00fczenlenmesi ve Bu Yay\u0131nlar Yoluyla \u0130\u015flenen Su\u00e7larla M\u00fccadele Edilmesi Hakk\u0131nda Kanun ve Internet Ortam\u0131nda Yap\u0131lan Yay\u0131nlar\u0131n D\u00fczenlenmesine Dair Usul ve Esaslar Hakk\u0131nda Y\u00f6netmelik\u2019ten kaynaklananlar ba\u015fta olmak \u00fczere, kanuni ve s\u00f6zle\u015fmesel y\u00fck\u00fcml\u00fcl\u00fcklerini yerine getirebilmesi i\u00e7in IP adresiniz gibi ki\u015fisel verilerinize ihtiya\u00e7 duymas\u0131,<\/p><p><br><\/p><p>\u00c7erezlerle Hangi T\u00fcr Verilerinizi \u0130\u015fliyoruz?<\/p><p>\u00c7erezler, t\u00fcrlerine ba\u011fl\u0131 olmak \u00fczere, genel olarak, Web Sitesi\u2019ne eri\u015fti\u011finiz cihazda tarama ve kullan\u0131m tercihlerinize ili\u015fkin verileri toplamaktad\u0131r. Bu veriler, eri\u015fti\u011finiz sayfalar\u0131, inceledi\u011finiz hizmet ve \u00fcr\u00fcnlerimizi, Web Sitesi\u2019nde yapt\u0131\u011f\u0131n\u0131z gezintiye ili\u015fkin t\u00fcm bilgileri kapsamaktad\u0131r.<\/p><p><br><\/p><p>Hangi T\u00fcr \u00c7erezleri Hangi \u015eekillerde Kullan\u0131yoruz?<\/p><p>Web Sitesi\u2019nde farkl\u0131 t\u00fcrlerde \u00e7erezler kullanmaktay\u0131z. Bunlar Web Sitesi\u2019nin \u00e7al\u0131\u015fmas\u0131n\u0131 sa\u011flamak i\u00e7in kullan\u0131lmas\u0131 zorunlu olan \u00e7erezler, i\u015flev \u00e7erezleri, analiz\/performans \u00e7erezleri ve hedefleme\/reklam \u00e7erezleridir.<\/p><p><br><\/p><p>&nbsp;<\/p><p><br><\/p><p>Web Sitesi\u2019nde a\u015fa\u011f\u0131da yer alan \u00e7erezler kullanmaktad\u0131r:<\/p><p><br><\/p><p>_ga:<\/p><p><br><\/p><p>Kullan\u0131c\u0131lar\u0131 ay\u0131rt etmek i\u00e7in kullan\u0131l\u0131r. Tetiklenmesinin ard\u0131ndan 2 sene s\u00fcre dolumu vard\u0131r.<\/p><p><br><\/p><p>_gid:<\/p><p><br><\/p><p>Kullan\u0131c\u0131lar\u0131 ay\u0131rt etmek i\u00e7in kullan\u0131lan bir di\u011fer \u00e7erezdir. Ancak 24 saat i\u00e7inde sonland\u0131r\u0131l\u0131r.<\/p><p><br><\/p><p>_gat:<\/p><p><br><\/p><p>\u0130stek oran\u0131n\u0131 k\u0131saltmak i\u00e7in kullan\u0131r. Tetiklenmesinden itibaren 1 dakika i\u00e7inde sonlan\u0131r.<\/p><p><br><\/p><p>__utma:<\/p><p><br><\/p><p>Tetiklenmesinin ard\u0131ndan 2 y\u0131l s\u00fcre dolumu vard\u0131r. Bir kullan\u0131c\u0131n\u0131n ge\u00e7mi\u015fte sitenizi ziyaret edip, etmedi\u011fini takip eder. Kullan\u0131c\u0131lar sitenizi ziyaret etti\u011finde __utma \u00e7erezi kullan\u0131c\u0131lar bir bak\u0131ma ID tan\u0131mlar ve bunu saklar. Ayn\u0131 zamanda bu \u00e7erez kullan\u0131c\u0131n\u0131n websitenize ilk geldi\u011fi saati, tarihi toplam say\u0131lar\u0131 ile birlikte kay\u0131t alt\u0131nda tutar.<\/p><p><br><\/p><p>__utmb:<\/p><p><br><\/p><p>Bu \u00e7erez yeni ziyaretleri \/ oturumlar\u0131 belirlemek i\u00e7in kullan\u0131l\u0131r. Kurulum \/ g\u00fcncellemeden itibaren 30dk sonra sona erer.<\/p><p><br><\/p><p>__utmc:<\/p><p><br><\/p><p>urchin.js ile etkile\u015fime ge\u00e7ecek \u015fekilde yap\u0131land\u0131r\u0131lan bu \u00e7erez, kullan\u0131c\u0131n\u0131n yeni bir oturumda \/ ziyarette olup olmad\u0131\u011f\u0131n\u0131 belirlemek i\u00e7in __utmb ile birlikte kullan\u0131yordu. \u00c7erez taray\u0131c\u0131y\u0131 kapatt\u0131\u011f\u0131n\u0131zda sonlan\u0131r.<\/p><p><br><\/p><p>__utmz:<\/p><p><br><\/p><p>Kullan\u0131c\u0131n\u0131n sitenize geldi\u011fi kaynaklar hakk\u0131nda bilgileri depolar. Kaynak, ara\u00e7, kampanya gibi veriler bu \u00e7erez kapsam\u0131nda kay\u0131t alt\u0131na al\u0131n\u0131r. Google Analytics\u2019e her veri g\u00f6nderildi\u011finde g\u00fcncellenir. ilk tetikleme \/ g\u00fcncellemeden sonra 6 ay sonra sonlan\u0131r.<\/p><p><br><\/p><p>__utmv:<\/p><p><br><\/p><p>Ziyaret\u00e7i seviyesinde \u00f6zel tan\u0131ml\u0131 de\u011fi\u015fken verilerini saklamak i\u00e7in kullan\u0131l\u0131r. Kurulum \/ g\u00fcncellemeden itibaren 2 y\u0131l sonlanma s\u00fcresi vard\u0131r.<\/p><p><br><\/p><p><br><\/p><p>\u00c7erezlerin Kullan\u0131lmas\u0131n\u0131 Nas\u0131l Engelleyebilirsiniz?<\/p><p>\u00c7erezlerin kullan\u0131lmas\u0131 Web Sitesi\u2019nin daha iyi hizmet vermekle birlikte e\u011fer dilerseniz \u00e7erezlerin kullan\u0131lmas\u0131n\u0131 engelleyebilirsiniz. Ancak bu takdirde sitenin tam olarak i\u015flevini g\u00f6sterememesi ve t\u00fcm \u00f6zelliklerinden yararlanamayabilece\u011finizi unutmay\u0131n\u0131z. \u00c7erezlerin kullan\u0131lmas\u0131n\u0131 engellemek i\u00e7in kulland\u0131\u011f\u0131n\u0131z internet taray\u0131c\u0131n\u0131z\u0131n ayarlar\u0131n\u0131z\u0131 de\u011fi\u015ftirmeniz gerekmektedir. Bu de\u011fi\u015fiklikler kulland\u0131\u011f\u0131n\u0131z cihaz ve internet taray\u0131c\u0131s\u0131na g\u00f6re de\u011fi\u015fiklik g\u00f6stermektedir. Kulland\u0131\u011f\u0131n\u0131z taray\u0131c\u0131n\u0131n yard\u0131m b\u00f6l\u00fcm\u00fcnden bu de\u011fi\u015fikliklerin nas\u0131l yap\u0131laca\u011f\u0131na ula\u015fabilirsiniz.<\/p><div><br><\/div>\t\t\t\t\t\t\t\t<\/div>\n\t\t\t\t<\/div>\n\t\t\t\t\t<\/div>\n\t\t<\/div>\n\t\t\t\t\t<\/div>\n\t\t<\/section>\n\t\t\t\t<\/div>","protected":false},"excerpt":{"rendered":"<p>KEST\u0130RME \u00c7\u00d6Z\u00dcMLER (\u201c\u015eirket\u201d) olarak sahip oldu\u011fumuz www.kestirmecozumler.com web sitelerinin (\u201cWeb Sitesi\u201d) ziyaret\u00e7ilerinin gizlilik ve ki\u015fisel verilerinin korunmas\u0131 haklar\u0131n\u0131 g\u00f6zeterek ziyaret\u00e7ilerimize daha iyi bir kullan\u0131m deneyimi sa\u011flayabilmek i\u00e7in ki\u015fisel verilerini i\u015flemekte ve internet \u00e7erezleri kullanmaktay\u0131z. Bu \u00c7erez Kullan\u0131m\u0131 Politikas\u0131 (\u201cPolitika\u201d), t\u00fcm Web Sitesi ziyaret\u00e7ilerimize ve kullan\u0131c\u0131lar\u0131m\u0131za hangi t\u00fcr \u00e7erezlerin hangi ko\u015fullarda kullan\u0131ld\u0131\u011f\u0131n\u0131 a\u00e7\u0131klamaktad\u0131r. Bu Politika, Web [&hellip;]<\/p>","protected":false},"author":1,"featured_media":0,"parent":0,"menu_order":0,"comment_status":"closed","ping_status":"closed","template":"","meta":{"footnotes":""},"class_list":["post-4466","page","type-page","status-publish","hentry"],"aioseo_notices":[],"_links":{"self":[{"href":"https:\/\/kestirmecozumler.com\/en\/wp-json\/wp\/v2\/pages\/4466","targetHints":{"allow":["GET"]}}],"collection":[{"href":"https:\/\/kestirmecozumler.com\/en\/wp-json\/wp\/v2\/pages"}],"about":[{"href":"https:\/\/kestirmecozumler.com\/en\/wp-json\/wp\/v2\/types\/page"}],"author":[{"embeddable":true,"href":"https:\/\/kestirmecozumler.com\/en\/wp-json\/wp\/v2\/users\/1"}],"replies":[{"embeddable":true,"href":"https:\/\/kestirmecozumler.com\/en\/wp-json\/wp\/v2\/comments?post=4466"}],"version-history":[{"count":0,"href":"https:\/\/kestirmecozumler.com\/en\/wp-json\/wp\/v2\/pages\/4466\/revisions"}],"wp:attachment":[{"href":"https:\/\/kestirmecozumler.com\/en\/wp-json\/wp\/v2\/media?parent=4466"}],"curies":[{"name":"wp","href":"https:\/\/api.w.org\/{rel}","templated":true}]}}