{"id":4340,"date":"2023-03-21T10:34:41","date_gmt":"2023-03-21T07:34:41","guid":{"rendered":"https:\/\/kestirmecozumler.com\/?page_id=4340"},"modified":"2023-03-21T10:38:27","modified_gmt":"2023-03-21T07:38:27","slug":"kvkk-aydinlatma-metni","status":"publish","type":"page","link":"https:\/\/kestirmecozumler.com\/en\/kvkk-aydinlatma-metni\/","title":{"rendered":"KVKK Disclosure (TR Only)"},"content":{"rendered":"<div data-elementor-type=\"wp-page\" data-elementor-id=\"4340\" class=\"elementor elementor-4340\">\n\t\t\t\t\t\t<section class=\"elementor-section elementor-top-section elementor-element elementor-element-3c6ee4f elementor-section-boxed elementor-section-height-default elementor-section-height-default\" data-id=\"3c6ee4f\" data-element_type=\"section\">\n\t\t\t\t\t\t<div class=\"elementor-container elementor-column-gap-default\">\n\t\t\t\t\t<div class=\"elementor-column elementor-col-100 elementor-top-column elementor-element elementor-element-0a9e1a1\" data-id=\"0a9e1a1\" data-element_type=\"column\">\n\t\t\t<div class=\"elementor-widget-wrap elementor-element-populated\">\n\t\t\t\t\t\t<div class=\"elementor-element elementor-element-def675b elementor-widget elementor-widget-text-editor\" data-id=\"def675b\" data-element_type=\"widget\" data-widget_type=\"text-editor.default\">\n\t\t\t\t<div class=\"elementor-widget-container\">\n\t\t\t\t\t\t\t\t\t<p><strong>Ki\u015fisel Verilerin Korunmas\u0131 ve \u0130\u015flenmesi Hakk\u0131nda Ayd\u0131nlatma Metni<\/strong><\/p><p>KEST\u0130RME \u00c7\u00d6Z\u00dcMLER (\u201c\u015eirket\u201d) taraf\u0131ndan i\u015flenen t\u00fcm ki\u015fisel veriler, 6698 say\u0131l\u0131 Ki\u015fisel Verilerin Korunmas\u0131 (KVK) Kanunu ve ilgili di\u011fer mevzuat do\u011frultusunda korunmaktad\u0131r. \u015eirket\u2019in veri sorumlulu\u011fu, ki\u015fisel verilerinizin \u015eirket taraf\u0131ndan hangi ama\u00e7la i\u015flenebilece\u011fi, kimlere hangi ama\u00e7la aktar\u0131labilece\u011fi, toplaman\u0131n y\u00f6ntemi ve haklar\u0131n\u0131z konusunda ayd\u0131nlat\u0131c\u0131 bilgileri a\u015fa\u011f\u0131da g\u00f6rebilirsiniz.<\/p><p>1. a) Veri Sorumlusu ve Temsilcisi<\/p><p>6698 say\u0131l\u0131 Ki\u015fisel Verilerin Korunmas\u0131 Kanunu kapsam\u0131nda, ki\u015fisel verileriniz; veri sorumlusu olarak \u015eirket taraf\u0131ndan a\u015fa\u011f\u0131da a\u00e7\u0131klanan kapsamda toplanacak ve i\u015flenebilecektir.<\/p><p>1. b) Ki\u015fisel Verilerin \u0130\u015flenmesinin Amac\u0131<\/p><p>\u00dcr\u00fcn \/ hizmet s\u00f6zle\u015fmesi, ziyaret, ba\u015fvuru, i\u015fe giri\u015f, web sitemiz, sosyal medya, telefon, e-posta vb. nedenlerle payla\u015ft\u0131\u011f\u0131n\u0131z ki\u015fisel verileriniz; otomatik ya da otomatik olmayan y\u00f6ntemlerle toplanabilir ve a\u015fa\u011f\u0131daki ama\u00e7larla 6698 say\u0131l\u0131 Kanun\u2019un 5. ve 6. maddelerinde belirtilen ki\u015fisel veri i\u015fleme \u015fartlar\u0131 ve ama\u00e7lar\u0131 dahilinde i\u015flenebilir:<\/p><p>\u2022\u015eirket\u2019in \u00fcr\u00fcn veya hizmet sunabilmesi i\u00e7in gerekli faaliyetlerin y\u00fcr\u00fct\u00fclmesi,<\/p><p>\u2022\u015eirket\u2019in ve \u015eirket\u2019le i\u015f ili\u015fkisi i\u00e7erisinde olan ilgili ki\u015filerin hukuki, teknik, ticari ve i\u015f g\u00fcvenli\u011finin temini;<\/p><p>\u2022\u015eirket taraf\u0131ndan sunulan \u00fcr\u00fcn ve hizmetlerin m\u00fc\u015fterilerin ihtiya\u00e7lar\u0131na g\u00f6re \u00f6zelle\u015ftirilerek \u00f6nerilmesi ve tan\u0131t\u0131lmas\u0131 i\u00e7in gerekli olan aktivitelerin planlanmas\u0131 ve icras\u0131;<\/p><p>\u2022\u015eirket taraf\u0131ndan sunulan \u00fcr\u00fcn ve hizmetlerden ilgili ki\u015fileri faydaland\u0131rmak i\u00e7in gerekli \u00e7al\u0131\u015fmalar\u0131n i\u015f birimlerimiz taraf\u0131ndan yap\u0131lmas\u0131 ve ilgili i\u015f s\u00fcre\u00e7lerinin y\u00fcr\u00fct\u00fclmesi;<\/p><p>\u2022\u015eirket\u2019in ticari veya i\u015f stratejilerinin planlanmas\u0131 ve icras\u0131;<\/p><p>\u2022\u015eirket taraf\u0131ndan y\u00fcr\u00fct\u00fclen ticari faaliyetlerin ger\u00e7ekle\u015ftirilmesi i\u00e7in ilgili i\u015f birimlerimiz taraf\u0131ndan gerekli \u00e7al\u0131\u015fmalar\u0131n yap\u0131lmas\u0131 ve buna ba\u011fl\u0131 i\u015f s\u00fcre\u00e7lerinin y\u00fcr\u00fct\u00fclmesi;<\/p><p>\u2022\u015eirket\u2019in istihdam ve insan kaynaklar\u0131 politikalar\u0131 ve s\u00fcre\u00e7lerinin planlanmas\u0131 ve icra edilmesi<\/p><p>\u2022Finans veya muhasebe i\u015flerinin takibi,<\/p><p>\u2022\u015eirketimizin ticari veya i\u015f stratejilerinin planlanmas\u0131 ve icras\u0131,<\/p><p>\u2022\u0130\u015f ortaklar\u0131 veya tedarik\u00e7ilerle olan ili\u015fkilerin y\u00f6netimi,<\/p><p>\u2022\u00dcr\u00fcn veya hizmetlerin sat\u0131\u015f s\u00fcre\u00e7lerinin planlanmas\u0131 ve icras\u0131,<\/p><p>\u2022M\u00fc\u015fterilerin finansal risklerinin tespitine y\u00f6nelik faaliyetlerin yap\u0131lmas\u0131,<\/p><p>\u2022M\u00fc\u015fteri ili\u015fkileri y\u00f6netimi s\u00fcre\u00e7lerinin planlanmas\u0131 ve icras\u0131,<\/p><p>\u2022\u015eirketimizin ve \u015eirketimizle i\u015f ili\u015fkisi i\u00e7erisinde olan ilgili ki\u015filerin hukuki, teknik ve ticari i\u015f g\u00fcvenli\u011finin temin edilmesi, hukuk i\u015flerinin takibi,<\/p><p>\u2022\u015eirket denetim faaliyetlerinin planlanmas\u0131 ve icras\u0131,<\/p><p>\u2022\u015eirket finansal risk s\u00fcre\u00e7lerinin planlanmas\u0131 veya icras\u0131<\/p><p>Ki\u015fisel verilerinizin \u015eirketimiz taraf\u0131ndan i\u015flenme ama\u00e7lar\u0131 konusunda detayl\u0131 bilgilere; www.kestirmecozumler.com internet adresinden payla\u015f\u0131lm\u0131\u015f olan \u201cKestirme \u00c7\u00f6z\u00fcmler Ki\u015fisel Verilerin Korunmas\u0131 ve \u0130\u015flenmesi Politikas\u0131\u2019ndan ula\u015fabilirsiniz.<\/p><p>1. c) \u0130\u015flenen Ki\u015fisel Verilerin Hangi Ama\u00e7la Kimlere Aktar\u0131labilece\u011fi Toplanan ki\u015fisel verileriniz, a\u015fa\u011f\u0131daki ama\u00e7larla; yurt i\u00e7inde ve yurtd\u0131\u015f\u0131nda hissedarlar\u0131m\u0131za, di\u011fer tesislerimize, i\u015f ortaklar\u0131m\u0131za, d\u0131\u015f hizmet sa\u011flay\u0131c\u0131lar\u0131na, tedarik\u00e7ilerimize, i\u015ftiraklerimize, kanunen yetkili kamu kurumlar\u0131 ve \u00f6zel ki\u015filere; 6698 say\u0131l\u0131 Kanun\u2019un 8. ve 9. maddelerinde belirtilen ki\u015fisel veri i\u015fleme \u015fartlar\u0131 ve ama\u00e7lar\u0131 \u00e7er\u00e7evesinde aktar\u0131labilir:<\/p><p>\u2022 \u015eirket taraf\u0131ndan sunulan \u00fcr\u00fcn ve hizmetlerin ilgili ki\u015filerin ihtiya\u00e7lar\u0131na g\u00f6re \u00f6zelle\u015ftirilerek ilgili ki\u015filere \u00f6nerilmesi ve tan\u0131t\u0131lmas\u0131 i\u00e7in gerekli olan aktivitelerin planlanmas\u0131 ve icras\u0131;<\/p><p>\u2022 \u015eirket taraf\u0131ndan y\u00fcr\u00fct\u00fclen ticari faaliyetlerin ger\u00e7ekle\u015ftirilmesi i\u00e7in ilgili i\u015f birimlerimiz taraf\u0131ndan gerekli \u00e7al\u0131\u015fmalar\u0131n yap\u0131lmas\u0131 ve buna ba\u011fl\u0131 i\u015f s\u00fcre\u00e7lerinin y\u00fcr\u00fct\u00fclmesi;<\/p><p>\u2022 \u015eirket taraf\u0131ndan sunulan \u00fcr\u00fcn ve hizmetlerden ilgili ki\u015fileri faydaland\u0131rmak i\u00e7in gerekli \u00e7al\u0131\u015fmalar\u0131n i\u015f birimlerimiz taraf\u0131ndan yap\u0131lmas\u0131 ve ilgili i\u015f s\u00fcre\u00e7lerinin y\u00fcr\u00fct\u00fclmesi;<\/p><p>\u2022 \u015eirket\u2019in ticari veya i\u015f stratejilerinin planlanmas\u0131 ve icras\u0131;<\/p><p>\u2022 \u015eirket\u2019in istihdam ve insan kaynaklar\u0131 politikalar\u0131 ve s\u00fcre\u00e7lerinin planlanmas\u0131 ve icra edilmesi<\/p><p>\u2022 \u015eirket\u2019in ve \u015eirket\u2019le i\u015f ili\u015fkisi i\u00e7erisinde olan ilgili ki\u015filerin hukuki, teknik ve ticari-i\u015f g\u00fcvenli\u011finin temini<\/p><p>Ki\u015fisel verilerinizin kullan\u0131m\u0131 yukar\u0131da belirtilen ama\u00e7larla s\u0131n\u0131rl\u0131 kalacak, yasal y\u00fck\u00fcml\u00fcl\u00fckler ve resmi kurum\/kurulu\u015flar haricinde \u00fc\u00e7\u00fcnc\u00fc ki\u015filerle payla\u015f\u0131lmayacak ya da \u00fc\u00e7\u00fcnc\u00fc ki\u015filere aktar\u0131lmayacakt\u0131r.<\/p><p>1. d) Ki\u015fisel Veri Toplaman\u0131n Y\u00f6ntemi ve Hukuki Sebebi<\/p><p>Ki\u015fisel verileriniz \u015eirket taraf\u0131ndan i\u015fbu Ki\u015fisel Verilerin \u0130\u015flenmesine \u0130li\u015fkin Ayd\u0131nlatma Metni\u2019nde belirtilen ama\u00e7larla kullan\u0131lmak \u00fczere her t\u00fcrl\u00fc yaz\u0131l\u0131, s\u00f6zl\u00fc, elektronik ortamlardan otomatik olan ya da olmayan y\u00f6ntemlerle ve farkl\u0131 kanallarla ve farkl\u0131 hukuki sebeplere dayanarak toplanabilmektedir. Bu sebeple toplanan ki\u015fisel verileriniz 6698 say\u0131l\u0131 Kanun\u2019un 5. ve 6. maddelerinde belirtilen ki\u015fisel veri i\u015fleme \u015fartlar\u0131 ve ama\u00e7lar\u0131 kapsam\u0131nda bu Ayd\u0131nlatma Metni\u2019nin (b) ve (c) maddelerinde belirtilen ama\u00e7larla da i\u015flenebilmekte ve aktar\u0131labilmektedir.<\/p><p>\u015eirket, elde etti\u011fi ki\u015fisel verileri, i\u015f orta\u011f\u0131\/m\u00fc\u015fteri\/tedarik\u00e7ilerden toplanan verileri memnuniyeti en iyi \u015fekilde sa\u011flayabilmek i\u00e7in i\u015fbu Bilgilendirme ile belirtilen \u015fartlar \u00e7er\u00e7evesinde ve varsa s\u00f6zle\u015fmelerin mahiyetinden kaynaklanan y\u00fck\u00fcml\u00fcl\u00fckleri yerine getirebilmesi ad\u0131na i\u015flendikleri ama\u00e7 i\u00e7in gerekli olan s\u00fcre kadar muhafaza edecektir.<\/p><p>Buna ek olarak, \u015eirket, s\u00f6zle\u015fmelerden do\u011fabilecek herhangi bir uyu\u015fmazl\u0131k durumunda, uyu\u015fmazl\u0131k kapsam\u0131nda idari veya yarg\u0131 s\u00fcre\u00e7lerinin y\u00fcr\u00fct\u00fclebilmesi amac\u0131yla s\u0131n\u0131rl\u0131 olmak \u00fczere ve ilgili mevzuat uyar\u0131nca belirlenen zamana\u015f\u0131m\u0131 s\u00fcreleri boyunca ki\u015fisel verileri saklayabilecektir.<\/p><p>1. e) Ki\u015fisel Veri Sahibinin 6698 say\u0131l\u0131 Kanun\u2019un 11. maddesinde Say\u0131lan Haklar\u0131<\/p><p>Ki\u015fisel veri sahipleri haklar\u0131na ili\u015fkin taleplerini<\/p><p>www.kestirmecozumler.com internet adresinden payla\u015f\u0131lm\u0131\u015f olan KEST\u0130RME \u00c7\u00d6Z\u00dcMLER Ki\u015fisel Verilerin Korunmas\u0131 ve \u0130\u015flenmesi Politikas\u0131nda d\u00fczenlenen y\u00f6ntemlerle \u015eirket\u2019e iletebilir. \u015eirket, talebin niteli\u011fine g\u00f6re talebi en k\u0131sa s\u00fcrede i\u00e7inde sonu\u00e7land\u0131racakt\u0131r.<\/p><p>Bu kapsamda ki\u015fisel veri sahipleri;<\/p><p>\u2022 Ki\u015fisel veri i\u015flenip i\u015flenmedi\u011fini \u00f6\u011frenme,<\/p><p>\u2022 Ki\u015fisel verileri i\u015flenmi\u015fse buna ili\u015fkin bilgi talep etme,<\/p><p>\u2022 Ki\u015fisel verilerin i\u015flenme amac\u0131n\u0131 ve bunlar\u0131n amac\u0131na uygun kullan\u0131l\u0131p kullan\u0131lmad\u0131\u011f\u0131n\u0131 \u00f6\u011frenme,<\/p><p>\u2022 Yurt i\u00e7inde veya yurt d\u0131\u015f\u0131nda ki\u015fisel verilerin aktar\u0131ld\u0131\u011f\u0131 \u00fc\u00e7\u00fcnc\u00fc ki\u015fileri bilme,<\/p><p>\u2022 Ki\u015fisel verilerin eksik veya yanl\u0131\u015f i\u015flenmi\u015f olmas\u0131 h\u00e2linde bunlar\u0131n d\u00fczeltilmesini isteme ve bu kapsamda yap\u0131lan i\u015flemin ki\u015fisel verilerin aktar\u0131ld\u0131\u011f\u0131 \u00fc\u00e7\u00fcnc\u00fc ki\u015filere bildirilmesini isteme,<\/p><p>\u2022 6698 say\u0131l\u0131 Kanun ve ilgili di\u011fer kanun h\u00fck\u00fcmlerine uygun olarak i\u015flenmi\u015f olmas\u0131na ra\u011fmen, i\u015flenmesini gerektiren sebeplerin ortadan kalkmas\u0131 h\u00e2linde, ki\u015fisel verilerin silinmesini veya yok edilmesini isteme ve bu kapsamda yap\u0131lan i\u015flemin ki\u015fisel verilerin aktar\u0131ld\u0131\u011f\u0131 \u00fc\u00e7\u00fcnc\u00fc ki\u015filere bildirilmesini isteme,<\/p><p>\u2022\u0130\u015flenen verilerin m\u00fcnhas\u0131ran otomatik sistemler vas\u0131tas\u0131yla analiz edilmesi suretiyle ki\u015finin kendisi aleyhine bir sonucun ortaya \u00e7\u0131kmas\u0131na itiraz etme,<\/p><p>\u2022Ki\u015fisel verilerin kanuna ayk\u0131r\u0131 olarak i\u015flenmesi sebebiyle zarara u\u011framas\u0131 h\u00e2linde zarar\u0131n giderilmesini talep etme haklar\u0131na sahiptir.<\/p><p>S\u00f6z konusu haklar\u0131n\u0131za ili\u015fkin taleplerinizi, ki\u015fisel veri sahipleri olarak www.kestirmecozumler.com adresinde verilen Ki\u015fisel Verileri Koruma \u2013 Ba\u015fvuru Formu kullan\u0131larak yaz\u0131l\u0131 bir \u015fekilde \u015eirket\u2019in Esenkent Mah. Nadire Cad. No 76 D:2 adresine yaz\u0131l\u0131 olarak, kvkk@kestirmecozumler.com adresine g\u00fcvenli elektronik imza, mobil imza ya da varsa \u015eirket\u2019e daha \u00f6nceden bildirdi\u011finiz ve \u015eirket sistemlerinde kay\u0131tl\u0131 bulunan elektronik posta adresi arac\u0131l\u0131\u011f\u0131 ile kvkk@kestirmecozumler.com adresine iletilmesi halinde en k\u0131sa s\u00fcre i\u00e7erisinde de\u011ferlendirilerek sonu\u00e7land\u0131r\u0131lacakt\u0131r.<\/p><p>Veri sahibi taraf\u0131ndan iletilen taleplerde, veri sahibinin ad\u0131, soyad\u0131, ba\u015fvuru yaz\u0131l\u0131 ise imzas\u0131, T.C. kimlik numaras\u0131 ya da yabanc\u0131 ise uyru\u011fu, pasaport numaras\u0131 veya varsa kimlik numaras\u0131, tebligata esas yerle\u015fim yeri veya i\u015f adresi, varsa bildirime esas elektronik posta adresi, telefon ve faks numaras\u0131 ve talep konusu bulunmas\u0131 zorunludur. Taleplere ili\u015fkin olarak yaz\u0131l\u0131 \u015fekilde yan\u0131t verilecek olmas\u0131 halinde on sayfaya kadar \u00fccret al\u0131nmayacak olup, \u015eirket 10 sayfan\u0131n \u00fczerindeki yan\u0131tlar i\u00e7in mevzuat\u0131n \u00f6ng\u00f6rd\u00fc\u011f\u00fc \u00fccret tarifesi \u00fczerinden \u00fccret talep etme hakk\u0131 sakl\u0131d\u0131r. Ba\u015fvuruya verilecek yan\u0131t\u0131n CD, flash bellek gibi bir kay\u0131t ortam\u0131nda verilmesi halinde ise \u015eirket, talepte bulunan veri sahibinden kay\u0131t ortam\u0131n\u0131n maliyeti tutar\u0131nda \u00fccret talep edebilir.<\/p><p>Sayg\u0131lar\u0131m\u0131zla,<\/p><p>KEST\u0130RME \u00c7\u00d6Z\u00dcMLER<\/p>\t\t\t\t\t\t\t\t<\/div>\n\t\t\t\t<\/div>\n\t\t\t\t\t<\/div>\n\t\t<\/div>\n\t\t\t\t\t<\/div>\n\t\t<\/section>\n\t\t\t\t<\/div>","protected":false},"excerpt":{"rendered":"<p>Ki\u015fisel Verilerin Korunmas\u0131 ve \u0130\u015flenmesi Hakk\u0131nda Ayd\u0131nlatma Metni KEST\u0130RME \u00c7\u00d6Z\u00dcMLER (\u201c\u015eirket\u201d) taraf\u0131ndan i\u015flenen t\u00fcm ki\u015fisel veriler, 6698 say\u0131l\u0131 Ki\u015fisel Verilerin Korunmas\u0131 (KVK) Kanunu ve ilgili di\u011fer mevzuat do\u011frultusunda korunmaktad\u0131r. \u015eirket\u2019in veri sorumlulu\u011fu, ki\u015fisel verilerinizin \u015eirket taraf\u0131ndan hangi ama\u00e7la i\u015flenebilece\u011fi, kimlere hangi ama\u00e7la aktar\u0131labilece\u011fi, toplaman\u0131n y\u00f6ntemi ve haklar\u0131n\u0131z konusunda ayd\u0131nlat\u0131c\u0131 bilgileri a\u015fa\u011f\u0131da g\u00f6rebilirsiniz. 1. a) Veri [&hellip;]<\/p>","protected":false},"author":1,"featured_media":0,"parent":0,"menu_order":0,"comment_status":"closed","ping_status":"closed","template":"","meta":{"footnotes":""},"class_list":["post-4340","page","type-page","status-publish","hentry"],"aioseo_notices":[],"_links":{"self":[{"href":"https:\/\/kestirmecozumler.com\/en\/wp-json\/wp\/v2\/pages\/4340","targetHints":{"allow":["GET"]}}],"collection":[{"href":"https:\/\/kestirmecozumler.com\/en\/wp-json\/wp\/v2\/pages"}],"about":[{"href":"https:\/\/kestirmecozumler.com\/en\/wp-json\/wp\/v2\/types\/page"}],"author":[{"embeddable":true,"href":"https:\/\/kestirmecozumler.com\/en\/wp-json\/wp\/v2\/users\/1"}],"replies":[{"embeddable":true,"href":"https:\/\/kestirmecozumler.com\/en\/wp-json\/wp\/v2\/comments?post=4340"}],"version-history":[{"count":0,"href":"https:\/\/kestirmecozumler.com\/en\/wp-json\/wp\/v2\/pages\/4340\/revisions"}],"wp:attachment":[{"href":"https:\/\/kestirmecozumler.com\/en\/wp-json\/wp\/v2\/media?parent=4340"}],"curies":[{"name":"wp","href":"https:\/\/api.w.org\/{rel}","templated":true}]}}